{"id":23959,"date":"2022-09-14T23:47:33","date_gmt":"2022-09-14T22:47:33","guid":{"rendered":"https:\/\/span-arts-dev.co.uk\/?page_id=23959"},"modified":"2022-09-16T10:03:05","modified_gmt":"2022-09-16T09:03:05","slug":"record-your-song","status":"publish","type":"page","link":"https:\/\/span-arts-dev.co.uk\/cy\/record-your-song\/","title":{"rendered":"Recordio&#8217;ch c\u00e2n"},"content":{"rendered":"\n<div class=\"wp-block-media-text alignwide has-media-on-the-right is-vertically-aligned-center\" style=\"grid-template-columns:auto 33%\"><figure class=\"wp-block-media-text__media\"><img fetchpriority=\"high\" decoding=\"async\" width=\"265\" height=\"201\" src=\"https:\/\/span-arts-dev.co.uk\/wp-content\/uploads\/2022\/09\/logo-for-website-pererin-wyf.png\" alt=\"Pererin Wyf project logo\" class=\"wp-image-23865 size-full\"\/><\/figure><div class=\"wp-block-media-text__content\">\n<h1 class=\"has-large-font-size wp-block-heading\">Sut i recordio&#8217;ch ac uwchlwytho eich c\u00e2n<\/h1>\n<\/div><\/div>\n\n\n\n<h3 class=\"wp-block-heading\">Mae prosiect <em><a href=\"https:\/\/span-arts-dev.co.uk\/cy\/pererin-wyf\/\" title=\"Pererin Wyf \/ Is oilithreach m\u00e9 \/ I am a pilgrim\">Pererin Wyf<\/a> <\/em>o Span Arts yn gwahodd pobl ar draws y byd i recordio eu caneuon am deithio, perererindod a chartref, a&#8217;u hychwanegu at <a href=\"https:\/\/span-arts-dev.co.uk\/cy\/y-map-pererin-wyf\/\" target=\"_blank\" rel=\"noreferrer noopener\" title=\"Y map \u2013 Pererin Wyf\">fap y prosiect<\/a>.<\/h3>\n\n\n\n<figure class=\"wp-block-embed is-type-video is-provider-youtube wp-block-embed-youtube noprint wp-embed-aspect-16-9 wp-has-aspect-ratio\"><div class=\"wp-block-embed__wrapper\">\n<div class=\"ast-oembed-container \" style=\"height: 100%;\"><iframe title=\"How to record and upload your song tutorial\" width=\"500\" height=\"281\" src=\"https:\/\/www.youtube.com\/embed\/4BkXJ0hD8yg?feature=oembed\" frameborder=\"0\" allow=\"accelerometer; autoplay; clipboard-write; encrypted-media; gyroscope; picture-in-picture; web-share\" referrerpolicy=\"strict-origin-when-cross-origin\" allowfullscreen><\/iframe><\/div>\n<\/div><\/figure>\n\n\n\n<h3 class=\"wp-block-heading\">Rhowch eich c\u00e2n ar y map:<\/h3>\n\n\n\n<div class=\"wp-block-group align-items-flex-start is-content-justification-space-between is-nowrap is-layout-flex wp-container-core-group-is-layout-4 wp-block-group-is-layout-flex\">\n<div class=\"wp-block-group is-vertical is-layout-flex wp-container-core-group-is-layout-1 wp-block-group-is-layout-flex\">\n<figure class=\"wp-block-image size-full\"><img decoding=\"async\" width=\"260\" height=\"260\" src=\"https:\/\/span-arts-dev.co.uk\/wp-content\/uploads\/2022\/09\/step1-1.jpg\" alt=\"\" class=\"wp-image-24048\" srcset=\"https:\/\/span-arts-dev.co.uk\/wp-content\/uploads\/2022\/09\/step1-1.jpg 260w, https:\/\/span-arts-dev.co.uk\/wp-content\/uploads\/2022\/09\/step1-1-200x200.jpg 200w\" sizes=\"(max-width: 260px) 100vw, 260px\" \/><\/figure>\n\n\n\n<h3 class=\"wp-block-heading\">Recordio eich c\u00e2n<\/h3>\n<\/div>\n\n\n\n<div class=\"wp-block-group is-vertical is-layout-flex wp-container-core-group-is-layout-2 wp-block-group-is-layout-flex\">\n<figure class=\"wp-block-image size-full\"><img decoding=\"async\" width=\"260\" height=\"260\" src=\"https:\/\/span-arts-dev.co.uk\/wp-content\/uploads\/2022\/09\/step2-1.jpg\" alt=\"\" class=\"wp-image-24052\" srcset=\"https:\/\/span-arts-dev.co.uk\/wp-content\/uploads\/2022\/09\/step2-1.jpg 260w, https:\/\/span-arts-dev.co.uk\/wp-content\/uploads\/2022\/09\/step2-1-200x200.jpg 200w\" sizes=\"(max-width: 260px) 100vw, 260px\" \/><\/figure>\n\n\n\n<h3 class=\"wp-block-heading\">Uwchlwytho&#8217;r recordiad<\/h3>\n<\/div>\n\n\n\n<div class=\"wp-block-group is-vertical is-layout-flex wp-container-core-group-is-layout-3 wp-block-group-is-layout-flex\">\n<figure class=\"wp-block-image size-full\"><img loading=\"lazy\" decoding=\"async\" width=\"260\" height=\"260\" src=\"https:\/\/span-arts-dev.co.uk\/wp-content\/uploads\/2022\/09\/step3.jpg\" alt=\"\" class=\"wp-image-24038\" srcset=\"https:\/\/span-arts-dev.co.uk\/wp-content\/uploads\/2022\/09\/step3.jpg 260w, https:\/\/span-arts-dev.co.uk\/wp-content\/uploads\/2022\/09\/step3-200x200.jpg 200w\" sizes=\"(max-width: 260px) 100vw, 260px\" \/><\/figure>\n\n\n\n<h3 class=\"wp-block-heading\">Rhowch e ar y map<\/h3>\n<\/div>\n<\/div>\n\n\n\n<h1 class=\"wp-block-heading\">1. Recordio eich c\u00e2n<\/h1>\n\n\n\n<h2 class=\"wp-block-heading\">Dyma gwpl o awgrymiadau<\/h2>\n\n\n\n<p><strong>Beth sydd tu \u00f4l i chi?<\/strong> Yn gyntaf mae\u2019n werth meddwl am eich lleoliad a beth y gallwch weld yng nghefndir eich llun.&nbsp;<\/p>\n\n\n\n<p><strong>Tawel<\/strong>: Meddyliwch hefyd yngl\u0177n \u00e2\u2019r s\u0175n sydd o\u2019ch cwmpas.&nbsp; Ydych chi mewn lle swnllyd neu leoliad tawel?<\/p>\n\n\n\n<p>Os mae\u2019n wyntog iawn&nbsp; bydd eich meicroffon yn dal y s\u0175n yma.&nbsp; I helpu gyda hyn gallwch ddefnyddio meic sy\u2019n plygio mewn gyda sgrin rhag y gwynt.<\/p>\n\n\n\n<p><strong>Batri<\/strong>: Gwnewch yn siwr bod digon o fatri \u2018da chi.&nbsp; Dydych chi ddim eisiau iddo redeg allan yng nghanol recordio eich c\u00e2n.<\/p>\n\n\n\n<figure class=\"wp-block-image alignright size-full\"><img decoding=\"async\" src=\"https:\/\/span-arts-dev.co.uk\/wp-content\/uploads\/2022\/09\/image-1-e1663188841630.png\" alt=\"\" class=\"wp-image-23935\"\/><\/figure>\n\n\n\n<p><strong>Fformat tirwedd<\/strong>: Hoffwn i chi recordio eich c\u00e2n ar ffurf tirlun hynny yw gyda\u2019r ff\u00f4n ar ei ochr.<\/p>\n\n\n\n<p>&nbsp;<\/p>\n\n\n\n<p><strong>Modd ayrwen<\/strong>: Byddai\u2019n syniad da i roi eich ff\u00f4n ym modd \u2018awyren\u2019 er mwyn gwneud yn siwr nad ydych yn derbyn unrhyw hysbysebion i darfu arnoch chi yn ystod recordio.<\/p>\n\n\n\n<p>&nbsp;<\/p>\n\n\n\n<p><strong>Gofynnwch i ffrind helpu<\/strong>: Wrth gwrs efallai yr hoffech chi gael rhywun arall i&#8217;ch helpu i recordio&#8217;ch c\u00e2n. Efallai y bydd hyn yn haws i chi.<\/p>\n\n\n\n<h2 class=\"wp-block-heading\">Felly rydych yn barod i recordio<\/h2>\n\n\n\n<p>Agorwch eich camera a dewis <strong>Fideo <\/strong>ac yna pwyswch <strong>Record<\/strong>. (Peidiwch \u00e2 phoeni os na fyddwch chi&#8217;n dechrau canu ar unwaith. Gallwch chi glipio dechrau a diwedd y fideo yn offer YouTube Studio ar \u00f4l ei uwchlwytho.)<\/p>\n\n\n\n<p><\/p>\n\n\n\n<p><strong>Cyflwynwch eich hun a dywedwch ble rydych chi<\/strong>, pan fyddwch chi&#8217;n dechrau recordio.<\/p>\n\n\n\n<p>Fe allech chi hefyd ddweud rhywbeth am yr hyn y mae&#8217;r g\u00e2n yn ei olygu i chi. Ond peidiwch \u00e2 chymryd gormod o amser i gyrraedd y g\u00e2n!<\/p>\n\n\n\n<p>Ar \u00f4l i chi orffen, peidiwch ag anghofio pwyso <strong>Stop<\/strong>.<\/p>\n\n\n\n<h1 class=\"wp-block-heading\">2. Uwchlwytho eich c\u00e2n i YouTube<\/h1>\n\n\n\n<p><strong>Os nad oes gennych gyfrif YouTube gallwch anfon eich c\u00e2n i&nbsp;<\/strong><a href=\"mailto:rowan@span-arts-dev.co.uk\"><strong>rowan@span-arts-dev.co.uk<\/strong><\/a><strong>&nbsp;a gallwn ei hychwanegu at y map i chi.<\/strong><\/p>\n\n\n\n<figure class=\"wp-block-image alignleft size-full\"><img loading=\"lazy\" decoding=\"async\" width=\"64\" height=\"64\" src=\"https:\/\/span-arts-dev.co.uk\/wp-content\/uploads\/2022\/09\/image-2.png\" alt=\"\" class=\"wp-image-23937\"\/><\/figure>\n\n\n\n<p>Defnyddiwch yr app YouTube ar eich ff\u00f4n symudol. (Os nad oes gennych chi eisoes, mae&#8217;n rhad ac am ddim i&#8217;w osod a&#8217;i ddefnyddio.)<\/p>\n\n\n\n<p>Cliciwch ar y botwm <strong>+<\/strong> ac yna <strong>Upload a Video<\/strong>. (Nid Short)<\/p>\n\n\n\n<p>Rhowch eich enw ac enw&#8217;r g\u00e2n yr oeddech yn canu ar gyfer y teitl..&nbsp;<\/p>\n\n\n\n<p>Rhaid dewis gwelededd <strong>Public<\/strong> neu <strong>Unlisted<\/strong> er mwyn ychwanegu at y map.&nbsp;<\/p>\n\n\n\n<p>Cliciwch <strong>Next<\/strong> ar y dde uchaf. <\/p>\n\n\n\n<p>Cliciwch <strong>See Video<\/strong> neu <strong>Library<\/strong>. Byddwch yn gweld faint o amser mae&#8217;n mynd i gymryd i uwchlwytho.<\/p>\n\n\n\n<p>Unwaith mae&#8217;r recordiad wedi uwchlwytho ac rydych yn gallu chwarae yn \u00f4l, mae&#8217;n barod i&#8217;w rannu ar y map.<\/p>\n\n\n\n<h1 class=\"wp-block-heading\"><a href=\"https:\/\/span-arts-dev.co.uk\/cy\/pin-your-song-to-the-map\/\" title=\"Pinio eich C\u00e2n i\u2019r Map\">3. Nesaf: Ychwanegwch eich c\u00e2n at y map<\/a> &gt;&gt;<\/h1>\n","protected":false},"excerpt":{"rendered":"<p>Sut i recordio&#8217;ch ac uwchlwytho eich c\u00e2n Mae prosiect Pererin Wyf o Span Arts yn gwahodd pobl ar draws y byd i recordio eu caneuon am deithio, perererindod a chartref, a&#8217;u hychwanegu at fap y prosiect. Rhowch eich c\u00e2n ar y map: Recordio eich c\u00e2n Uwchlwytho&#8217;r recordiad Rhowch e ar y map 1. Recordio eich c\u00e2n Dyma gwpl o awgrymiadau Beth sydd tu \u00f4l i chi? Yn gyntaf mae\u2019n werth meddwl am eich lleoliad a beth y gallwch weld yng nghefndir eich llun.&nbsp; Tawel: Meddyliwch hefyd yngl\u0177n \u00e2\u2019r s\u0175n sydd o\u2019ch cwmpas.&nbsp; Ydych chi mewn lle swnllyd neu leoliad tawel? Os mae\u2019n wyntog iawn&nbsp; bydd eich meicroffon yn dal y s\u0175n yma.&nbsp; I helpu gyda hyn gallwch ddefnyddio meic sy\u2019n plygio mewn gyda sgrin rhag y gwynt. Batri: Gwnewch yn siwr bod digon o fatri \u2018da chi.&nbsp; Dydych chi ddim eisiau iddo redeg allan yng nghanol recordio eich c\u00e2n. Fformat tirwedd: Hoffwn i chi recordio eich c\u00e2n ar ffurf tirlun hynny yw gyda\u2019r ff\u00f4n ar ei ochr. &nbsp; Modd ayrwen: Byddai\u2019n syniad da i roi eich ff\u00f4n ym modd \u2018awyren\u2019 er mwyn gwneud yn siwr nad ydych yn derbyn unrhyw hysbysebion i darfu arnoch chi yn ystod recordio. &nbsp; Gofynnwch [&hellip;]<\/p>\n","protected":false},"author":7,"featured_media":23941,"parent":0,"menu_order":0,"comment_status":"closed","ping_status":"closed","template":"","meta":{"_acf_changed":false,"inline_featured_image":false,"_monsterinsights_skip_tracking":false,"_monsterinsights_sitenote_active":false,"_monsterinsights_sitenote_note":"","_monsterinsights_sitenote_category":0,"site-sidebar-layout":"default","site-content-layout":"","ast-site-content-layout":"","site-content-style":"default","site-sidebar-style":"default","ast-global-header-display":"","ast-banner-title-visibility":"","ast-main-header-display":"","ast-hfb-above-header-display":"","ast-hfb-below-header-display":"","ast-hfb-mobile-header-display":"","site-post-title":"","ast-breadcrumbs-content":"","ast-featured-img":"","footer-sml-layout":"","theme-transparent-header-meta":"","adv-header-id-meta":"","stick-header-meta":"","header-above-stick-meta":"","header-main-stick-meta":"","header-below-stick-meta":"","astra-migrate-meta-layouts":"default","ast-page-background-enabled":"default","ast-page-background-meta":{"desktop":{"background-color":"var(--ast-global-color-4)","background-image":"","background-repeat":"repeat","background-position":"center center","background-size":"auto","background-attachment":"scroll","background-type":"","background-media":"","overlay-type":"","overlay-color":"","overlay-opacity":"","overlay-gradient":""},"tablet":{"background-color":"","background-image":"","background-repeat":"repeat","background-position":"center center","background-size":"auto","background-attachment":"scroll","background-type":"","background-media":"","overlay-type":"","overlay-color":"","overlay-opacity":"","overlay-gradient":""},"mobile":{"background-color":"","background-image":"","background-repeat":"repeat","background-position":"center center","background-size":"auto","background-attachment":"scroll","background-type":"","background-media":"","overlay-type":"","overlay-color":"","overlay-opacity":"","overlay-gradient":""}},"ast-content-background-meta":{"desktop":{"background-color":"var(--ast-global-color-5)","background-image":"","background-repeat":"repeat","background-position":"center center","background-size":"auto","background-attachment":"scroll","background-type":"","background-media":"","overlay-type":"","overlay-color":"","overlay-opacity":"","overlay-gradient":""},"tablet":{"background-color":"var(--ast-global-color-5)","background-image":"","background-repeat":"repeat","background-position":"center center","background-size":"auto","background-attachment":"scroll","background-type":"","background-media":"","overlay-type":"","overlay-color":"","overlay-opacity":"","overlay-gradient":""},"mobile":{"background-color":"var(--ast-global-color-5)","background-image":"","background-repeat":"repeat","background-position":"center center","background-size":"auto","background-attachment":"scroll","background-type":"","background-media":"","overlay-type":"","overlay-color":"","overlay-opacity":"","overlay-gradient":""}},"footnotes":""},"class_list":["post-23959","page","type-page","status-publish","has-post-thumbnail","hentry"],"acf":[],"aioseo_notices":[],"_links":{"self":[{"href":"https:\/\/span-arts-dev.co.uk\/cy\/wp-json\/wp\/v2\/pages\/23959"}],"collection":[{"href":"https:\/\/span-arts-dev.co.uk\/cy\/wp-json\/wp\/v2\/pages"}],"about":[{"href":"https:\/\/span-arts-dev.co.uk\/cy\/wp-json\/wp\/v2\/types\/page"}],"author":[{"embeddable":true,"href":"https:\/\/span-arts-dev.co.uk\/cy\/wp-json\/wp\/v2\/users\/7"}],"replies":[{"embeddable":true,"href":"https:\/\/span-arts-dev.co.uk\/cy\/wp-json\/wp\/v2\/comments?post=23959"}],"version-history":[{"count":16,"href":"https:\/\/span-arts-dev.co.uk\/cy\/wp-json\/wp\/v2\/pages\/23959\/revisions"}],"predecessor-version":[{"id":24219,"href":"https:\/\/span-arts-dev.co.uk\/cy\/wp-json\/wp\/v2\/pages\/23959\/revisions\/24219"}],"wp:featuredmedia":[{"embeddable":true,"href":"https:\/\/span-arts-dev.co.uk\/cy\/wp-json\/wp\/v2\/media\/23941"}],"wp:attachment":[{"href":"https:\/\/span-arts-dev.co.uk\/cy\/wp-json\/wp\/v2\/media?parent=23959"}],"curies":[{"name":"wp","href":"https:\/\/api.w.org\/{rel}","templated":true}]}}