{"id":29674,"date":"2024-05-03T13:11:48","date_gmt":"2024-05-03T12:11:48","guid":{"rendered":"https:\/\/span-arts-dev.co.uk\/artist-support\/"},"modified":"2025-08-14T17:13:49","modified_gmt":"2025-08-14T16:13:49","slug":"cefnogaeth-artistiaid","status":"publish","type":"page","link":"https:\/\/span-arts-dev.co.uk\/cy\/cefnogaeth-artistiaid\/","title":{"rendered":"Cefnogaeth Artistiaid"},"content":{"rendered":"\t\t<div data-elementor-type=\"wp-page\" data-elementor-id=\"29674\" class=\"elementor elementor-29674\" data-elementor-post-type=\"page\">\n\t\t\t\t<div class=\"elementor-element elementor-element-44eef08 e-con-full e-flex e-con e-parent\" data-id=\"44eef08\" data-element_type=\"container\" data-settings=\"{&quot;background_background&quot;:&quot;classic&quot;}\">\n\t\t\t\t<div class=\"elementor-element elementor-element-0f87ece elementor-absolute elementor-widget elementor-widget-image\" data-id=\"0f87ece\" data-element_type=\"widget\" data-settings=\"{&quot;_position&quot;:&quot;absolute&quot;}\" data-widget_type=\"image.default\">\n\t\t\t\t<div class=\"elementor-widget-container\">\n\t\t\t<style>\/*! elementor - v3.23.0 - 05-08-2024 *\/\n.elementor-widget-image{text-align:center}.elementor-widget-image a{display:inline-block}.elementor-widget-image a img[src$=\".svg\"]{width:48px}.elementor-widget-image img{vertical-align:middle;display:inline-block}<\/style>\t\t\t\t\t\t\t\t\t\t<img fetchpriority=\"high\" decoding=\"async\" width=\"392\" height=\"561\" src=\"https:\/\/span-arts-dev.co.uk\/wp-content\/uploads\/2024\/05\/banner_triangles_left.png\" class=\"attachment-large size-large wp-image-29517\" alt=\"\" srcset=\"https:\/\/span-arts-dev.co.uk\/wp-content\/uploads\/2024\/05\/banner_triangles_left.png 392w, https:\/\/span-arts-dev.co.uk\/wp-content\/uploads\/2024\/05\/banner_triangles_left-210x300.png 210w\" sizes=\"(max-width: 392px) 100vw, 392px\" \/>\t\t\t\t\t\t\t\t\t\t\t\t\t<\/div>\n\t\t\t\t<\/div>\n\t\t\t\t<\/div>\n\t\t<div class=\"elementor-element elementor-element-efcb1dd e-flex e-con-boxed e-con e-parent\" data-id=\"efcb1dd\" data-element_type=\"container\" data-settings=\"{&quot;background_background&quot;:&quot;classic&quot;}\">\n\t\t\t\t\t<div class=\"e-con-inner\">\n\t\t\t\t<div class=\"elementor-element elementor-element-02f99c2 elementor-widget elementor-widget-heading\" data-id=\"02f99c2\" data-element_type=\"widget\" id=\"about\" data-widget_type=\"heading.default\">\n\t\t\t\t<div class=\"elementor-widget-container\">\n\t\t\t<style>\/*! elementor - v3.23.0 - 05-08-2024 *\/\n.elementor-heading-title{padding:0;margin:0;line-height:1}.elementor-widget-heading .elementor-heading-title[class*=elementor-size-]>a{color:inherit;font-size:inherit;line-height:inherit}.elementor-widget-heading .elementor-heading-title.elementor-size-small{font-size:15px}.elementor-widget-heading .elementor-heading-title.elementor-size-medium{font-size:19px}.elementor-widget-heading .elementor-heading-title.elementor-size-large{font-size:29px}.elementor-widget-heading .elementor-heading-title.elementor-size-xl{font-size:39px}.elementor-widget-heading .elementor-heading-title.elementor-size-xxl{font-size:59px}<\/style><h2 class=\"elementor-heading-title elementor-size-default\">Cefnogaeth Artistiaid<\/h2>\t\t<\/div>\n\t\t\t\t<\/div>\n\t\t\t\t\t<\/div>\n\t\t\t\t<\/div>\n\t\t<div class=\"elementor-element elementor-element-324f215 e-flex e-con-boxed e-con e-parent\" data-id=\"324f215\" data-element_type=\"container\" data-settings=\"{&quot;background_background&quot;:&quot;classic&quot;}\">\n\t\t\t\t\t<div class=\"e-con-inner\">\n\t\t\t\t<div class=\"elementor-element elementor-element-fd05ddc elementor-invisible elementor-widget elementor-widget-text-editor\" data-id=\"fd05ddc\" data-element_type=\"widget\" data-settings=\"{&quot;_animation&quot;:&quot;fadeIn&quot;}\" data-widget_type=\"text-editor.default\">\n\t\t\t\t<div class=\"elementor-widget-container\">\n\t\t\t<style>\/*! elementor - v3.23.0 - 05-08-2024 *\/\n.elementor-widget-text-editor.elementor-drop-cap-view-stacked .elementor-drop-cap{background-color:#69727d;color:#fff}.elementor-widget-text-editor.elementor-drop-cap-view-framed .elementor-drop-cap{color:#69727d;border:3px solid;background-color:transparent}.elementor-widget-text-editor:not(.elementor-drop-cap-view-default) .elementor-drop-cap{margin-top:8px}.elementor-widget-text-editor:not(.elementor-drop-cap-view-default) .elementor-drop-cap-letter{width:1em;height:1em}.elementor-widget-text-editor .elementor-drop-cap{float:left;text-align:center;line-height:1;font-size:50px}.elementor-widget-text-editor .elementor-drop-cap-letter{display:inline-block}<\/style>\t\t\t\t<p>Nid yw Celfyddydau SPAN yn bodoli heb yr artistiaid a phobl greadigol rydym yn cydweithio \u00e2 nhw. Rydym yn gweithio i sicrhau ein bod yn talu\u2019n artistiaid yn deg, gwerthfawrogi eu gwaith a chefnogi eu datblygiad parhaus yn y sir.<\/p>\t\t\t\t\t\t<\/div>\n\t\t\t\t<\/div>\n\t\t\t\t\t<\/div>\n\t\t\t\t<\/div>\n\t\t<div class=\"elementor-element elementor-element-5f34495 e-flex e-con-boxed e-con e-parent\" data-id=\"5f34495\" data-element_type=\"container\" data-settings=\"{&quot;background_background&quot;:&quot;classic&quot;}\">\n\t\t\t\t\t<div class=\"e-con-inner\">\n\t\t<div class=\"elementor-element elementor-element-9cbdefb e-con-full e-flex e-con e-child\" data-id=\"9cbdefb\" data-element_type=\"container\">\n\t\t\t\t<div class=\"elementor-element elementor-element-0169031 elementor-widget elementor-widget-heading\" data-id=\"0169031\" data-element_type=\"widget\" data-widget_type=\"heading.default\">\n\t\t\t\t<div class=\"elementor-widget-container\">\n\t\t\t<h2 class=\"elementor-heading-title elementor-size-default\">Rhwydweithio Creadigol<\/h2>\t\t<\/div>\n\t\t\t\t<\/div>\n\t\t\t\t<div class=\"elementor-element elementor-element-ee83581 elementor-widget elementor-widget-text-editor\" data-id=\"ee83581\" data-element_type=\"widget\" data-widget_type=\"text-editor.default\">\n\t\t\t\t<div class=\"elementor-widget-container\">\n\t\t\t\t\t\t\t<p>Mae SPAN bob amser yn awyddus i gwrdd ag artistiaid a phobl greadigol newydd o bob cwr o Orllewin Cymru ac rydym yn deall y gall gweithio fel artist llawrydd fod yn ynysig iawn.<\/p><p>Er mwyn helpu i feithrin cysylltiadau cryfach rhwng y bobl greadigol yn yr ardal, nod SPAN yw cynnal hyd at bedwar digwyddiad rhwydweithio creadigol bob blwyddyn. Yn rhad ac am ddim i fynychu, mae&#8217;r rhain yn lleoedd \u00e2 ffocws cymdeithasol lle mae artistiaid a phobl greadigol yn dod at ei gilydd i gyfarfod yn gydradd, yn \u00a0rhannu syniadau, a straeon a gwneud cysylltiadau newydd.<\/p><p>Os oes gennych ddiddordeb mewn mynychu digwyddiadau yn y dyfodol, ymunwch \u00e2&#8217;n rhestr bostio neu dilynwch ni ar y cyfryngau cymdeithasol i gael gwybod am ddigwyddiadau yn y dyfodol.<\/p>\t\t\t\t\t\t<\/div>\n\t\t\t\t<\/div>\n\t\t\t\t<\/div>\n\t\t<div class=\"elementor-element elementor-element-383eb65 e-con-full e-flex e-con e-child\" data-id=\"383eb65\" data-element_type=\"container\">\n\t\t\t\t<div class=\"elementor-element elementor-element-5b8fa81 elementor-widget elementor-widget-image\" data-id=\"5b8fa81\" data-element_type=\"widget\" data-widget_type=\"image.default\">\n\t\t\t\t<div class=\"elementor-widget-container\">\n\t\t\t\t\t\t\t\t\t\t\t\t\t<img decoding=\"async\" width=\"1024\" height=\"768\" src=\"https:\/\/span-arts-dev.co.uk\/wp-content\/uploads\/2024\/05\/Artist-Support-image-1024x768.jpg\" class=\"attachment-large size-large wp-image-29664\" alt=\"\" srcset=\"https:\/\/span-arts-dev.co.uk\/wp-content\/uploads\/2024\/05\/Artist-Support-image-1024x768.jpg 1024w, https:\/\/span-arts-dev.co.uk\/wp-content\/uploads\/2024\/05\/Artist-Support-image-400x300.jpg 400w, https:\/\/span-arts-dev.co.uk\/wp-content\/uploads\/2024\/05\/Artist-Support-image-768x576.jpg 768w, https:\/\/span-arts-dev.co.uk\/wp-content\/uploads\/2024\/05\/Artist-Support-image-1536x1152.jpg 1536w, https:\/\/span-arts-dev.co.uk\/wp-content\/uploads\/2024\/05\/Artist-Support-image.jpg 1890w\" sizes=\"(max-width: 1024px) 100vw, 1024px\" \/>\t\t\t\t\t\t\t\t\t\t\t\t\t<\/div>\n\t\t\t\t<\/div>\n\t\t\t\t<\/div>\n\t\t\t\t\t<\/div>\n\t\t\t\t<\/div>\n\t\t<div class=\"elementor-element elementor-element-5685160 e-flex e-con-boxed e-con e-parent\" data-id=\"5685160\" data-element_type=\"container\" data-settings=\"{&quot;background_background&quot;:&quot;classic&quot;}\">\n\t\t\t\t\t<div class=\"e-con-inner\">\n\t\t<div class=\"elementor-element elementor-element-fc658fd e-con-full e-flex e-con e-child\" data-id=\"fc658fd\" data-element_type=\"container\">\n\t\t\t\t<div class=\"elementor-element elementor-element-90f054b elementor-widget elementor-widget-heading\" data-id=\"90f054b\" data-element_type=\"widget\" data-widget_type=\"heading.default\">\n\t\t\t\t<div class=\"elementor-widget-container\">\n\t\t\t<h2 class=\"elementor-heading-title elementor-size-default\">General Support<\/h2>\t\t<\/div>\n\t\t\t\t<\/div>\n\t\t\t\t<div class=\"elementor-element elementor-element-75a0fca elementor-widget elementor-widget-text-editor\" data-id=\"75a0fca\" data-element_type=\"widget\" data-widget_type=\"text-editor.default\">\n\t\t\t\t<div class=\"elementor-widget-container\">\n\t\t\t\t\t\t\t<p>Mae SPAN wedi ymrwymo i ddefnyddio eu gallu, adnoddau a gwybodaeth fewnol i gefnogi datblygiad sector creadigol Gorllewin Cymru.<\/p><p>Byddwn yn gwneud hyn fesul achos, fesul prosiect lle bo hynny&#8217;n bosibl ac yn realistig mewn cydbwysedd \u00e2&#8217;n rhaglen waith graidd.<\/p><p>Gallai&#8217;r gefnogaeth hon gynnwys, ond heb fod yn gyfyngedig i, achosion untro o:<\/p><p>Ddefnydd tymor byr o ofod adeilad Celfyddydau SPAN yn Arberth<\/p><p>Gyngor neu ymgynghoriad gan aelodau o&#8217;r t\u00eem staff craidd.<\/p><p>Bydd y gefnogaeth hon yn gyfyngedig i amser ac yn seiliedig ar brosiect. Ein nod yw canolbwyntio&#8217;r gefnogaeth\u00a0 ar artistiaid a phobl greadigol y mae eu gwaith yn cyd-fynd \u00e2&#8217;n hamcanion ehangach:<\/p><ul><li><strong>Wedi canolbwyntio ar Orllewin Cymru<\/strong><\/li><li><strong>Wedi ymgysylltu\u2019n gymdeithasol<\/strong><\/li><li><strong>Amgylcheddol ymwybodol<\/strong><\/li><\/ul><p>Rydym yn cadw&#8217;r hawl i wrthod cefnogaeth i unrhyw berson neu gwmni y mae ei waith neu ei weithredoedd yn groes i ethos cefnogol cyfunol Celfyddydau SPAN. Rydym hefyd yn cadw&#8217;r hawl i wrthod cefnogaeth pe byddai gwneud hynny yn achosi unrhyw effaith negyddol ar ein rhaglen waith graidd.<\/p><p>I wneud cais am gymorth, cwblhewch y ffurflen syml hon (isod), bydd y wybodaeth hon yn ein helpu i nodi pa gymorth y gallem ei gynnig. Mae&#8217;r ymatebion i&#8217;r ffurflen hon yn cael eu gwirio&#8217;n fisol o leiaf.<\/p>\t\t\t\t\t\t<\/div>\n\t\t\t\t<\/div>\n\t\t\t\t<\/div>\n\t\t<div class=\"elementor-element elementor-element-e3de6d9 e-con-full e-flex e-con e-child\" data-id=\"e3de6d9\" data-element_type=\"container\">\n\t\t\t\t<div class=\"elementor-element elementor-element-8ca56f7 elementor-widget elementor-widget-image\" data-id=\"8ca56f7\" data-element_type=\"widget\" data-widget_type=\"image.default\">\n\t\t\t\t<div class=\"elementor-widget-container\">\n\t\t\t\t\t\t\t\t\t\t\t\t\t<img decoding=\"async\" width=\"961\" height=\"1024\" src=\"https:\/\/span-arts-dev.co.uk\/wp-content\/uploads\/2024\/05\/Artist-Support-Building-961x1024.jpg\" class=\"attachment-large size-large wp-image-29666\" alt=\"\" srcset=\"https:\/\/span-arts-dev.co.uk\/wp-content\/uploads\/2024\/05\/Artist-Support-Building-961x1024.jpg 961w, https:\/\/span-arts-dev.co.uk\/wp-content\/uploads\/2024\/05\/Artist-Support-Building-281x300.jpg 281w, https:\/\/span-arts-dev.co.uk\/wp-content\/uploads\/2024\/05\/Artist-Support-Building-768x819.jpg 768w, https:\/\/span-arts-dev.co.uk\/wp-content\/uploads\/2024\/05\/Artist-Support-Building.jpg 1262w\" sizes=\"(max-width: 961px) 100vw, 961px\" \/>\t\t\t\t\t\t\t\t\t\t\t\t\t<\/div>\n\t\t\t\t<\/div>\n\t\t\t\t<\/div>\n\t\t\t\t\t<\/div>\n\t\t\t\t<\/div>\n\t\t<div class=\"elementor-element elementor-element-f0d154f e-flex e-con-boxed e-con e-parent\" data-id=\"f0d154f\" data-element_type=\"container\" data-settings=\"{&quot;background_background&quot;:&quot;classic&quot;}\">\n\t\t\t\t\t<div class=\"e-con-inner\">\n\t\t<div class=\"elementor-element elementor-element-328b123 e-con-full e-flex e-con e-child\" data-id=\"328b123\" data-element_type=\"container\">\n\t\t\t\t<div class=\"elementor-element elementor-element-a937f98 elementor-widget elementor-widget-heading\" data-id=\"a937f98\" data-element_type=\"widget\" data-widget_type=\"heading.default\">\n\t\t\t\t<div class=\"elementor-widget-container\">\n\t\t\t<h2 class=\"elementor-heading-title elementor-size-default\">Artist Preswyl yr Ystafell Werdd<\/h2>\t\t<\/div>\n\t\t\t\t<\/div>\n\t\t\t\t<div class=\"elementor-element elementor-element-d4d85bd elementor-widget elementor-widget-text-editor\" data-id=\"d4d85bd\" data-element_type=\"widget\" data-widget_type=\"text-editor.default\">\n\t\t\t\t<div class=\"elementor-widget-container\">\n\t\t\t\t\t\t\t<p>Mae SPAN wedi creu man gwaith neilltuol i artist yn ein hadeilad yn Arberth. Mae&#8217;r Ystafell Werdd yn ystafell hyblyg, breifat, y gellid ei defnyddio fel man cyfarfod, gofod stiwdio a gofod i feddwl.<\/p><p>Nod cynnig preswyliadau yn yr Ystafell Werdd yw rhoi amser a lle i artistiaid a phobl greadigol ddatblygu eu hymarfer, boed hynny yn gyffredinol neu fel rhan o brosiect creadigol penodol.<\/p><p><strong>Cyfleusterau&#8217;r Ystafell Werdd<\/strong><\/p><ul><li>Gofod hygyrch ar y llawr gwaelod<\/li><li>Defnydd preifat a mynediad 24 awr<\/li><li>Defnydd a rennir o&#8217;r gegin ac ystafell ymolchi hygyrch<\/li><li>P\u0175er a Wi-Fi<\/li><\/ul><p>Gallai preswyliad yn yr Ystafell Werdd fod mor fyr ag ychydig ddyddiau hyd at ychydig wythnosau. Ochr yn ochr \u00e2&#8217;r defnydd o&#8217;r Ystafell Werdd, mae potensial ar gyfer defnyddio ein gofod oriel fwy ar gyfer rhannu cyhoeddus, er nad yw hyn yn ofyniad penodol i&#8217;r preswyliad.<\/p><p>Mae cyfle hefyd i gael mynediad at fentora neu gyngor gan d\u00eem craidd SPAN fel rhan o&#8217;r cyfnod preswyl.<\/p><p>Lle mae gennym y gallu i gefnogi, byddwn yn dyfarnu preswyliadau i artistiaid a phobl greadigol:<\/p><p>Sydd \u00e2 chysylltiad \u00e2 Sir Benfro a Gorllewin Cymru<\/p><p>Sydd \u00e2\u2019u gwaith yn cyd-fynd \u00e2 nodau creadigol a chymdeithasol SPAN.<\/p><p>Gydag arfer creadigol sy\u2019n ddiddorol i ni ac o ansawdd<\/p><p>Y mae eu lleisiau&#8217;n cael eu tangynrychioli o fewn y sector creadigol<\/p><p>I ddarganfod mwy am yr Ystafell Werdd anfonwch e-bost at Bethan Morgan yn info@span-arts.org.uk i gyflwyno eich hun a dechrau sgwrs.<\/p>\t\t\t\t\t\t<\/div>\n\t\t\t\t<\/div>\n\t\t\t\t<\/div>\n\t\t<div class=\"elementor-element elementor-element-eef842d e-con-full e-flex e-con e-child\" data-id=\"eef842d\" data-element_type=\"container\">\n\t\t\t\t<\/div>\n\t\t\t\t\t<\/div>\n\t\t\t\t<\/div>\n\t\t\t\t<\/div>\n\t\t","protected":false},"excerpt":{"rendered":"<p>\u00cen ciuda acestui fapt, majoritatea acestor regiuni permit cet\u0103\u021benilor s\u0103 utilizeze cazinouri reglementate \u00een str\u0103in\u0103tate \u00eenregistrate \u00een alte jurisdic\u021bii. Avantaje de bun venit trebuie s\u0103 aib\u0103 Casino Winboss condi\u021bii oneste, confirma\u021bi condi\u021biile. Verifica\u021bi criptarea, cum ar fi criptarea datelor, pentru a asigura confiden\u021bialitatea. Pl\u0103\u021bi rapide \u0219i sigure atrag mai mul\u021bi utilizatori de ce juc\u0103torii prefer\u0103 jocurile de noroc digitale. Autorit\u0103\u021bi de licen\u021biere populare \u0219i anume Malta Gaming Authority \u0219i Curacao Gaming Authority sunt recunoscute pentru controlul echitabil. Trebuie s\u0103 v\u0103 asigura\u021bi modul \u00een care sunt p\u0103strate \u00eenregistr\u0103rile utilizatorilor, dac\u0103 se aplic\u0103 criptarea, inclusiv dac\u0103 entit\u0103\u021bi externe le primesc pentru promovare sau verific\u0103ri de securitate. Unele site-uri de jocuri de noroc suplimentar prezint\u0103 bonusuri de rambursare care sunt menite s\u0103 returna o frac\u021biune \u00een leg\u0103tur\u0103 cu deficitele suferite de c\u0103tre membrul cu mize monetare. Juc\u0103torii de jocuri de mas\u0103, \u00een contrast, ar trebui s\u0103 selecteze stimulente oferind minim condi\u021bii de joc cuplate cu avantajoase ponderea jocului. Juc\u0103torii au acces la pariuri mobile, prin intermediul site-urilor de joc instant. Pariorii pe internet au la dispozi\u021bie o selec\u021bie variat\u0103 de metode de plat\u0103 din care pot alege. Jocurile de noroc \u00een metaverse sunt o tendin\u021b\u0103 emergent\u0103. Contrar a ceea ce spun unii, nu [&hellip;]<\/p>\n","protected":false},"author":38,"featured_media":0,"parent":0,"menu_order":0,"comment_status":"closed","ping_status":"closed","template":"","meta":{"_acf_changed":false,"inline_featured_image":false,"_monsterinsights_skip_tracking":false,"_monsterinsights_sitenote_active":false,"_monsterinsights_sitenote_note":"","_monsterinsights_sitenote_category":0,"site-sidebar-layout":"no-sidebar","site-content-layout":"","ast-site-content-layout":"full-width-container","site-content-style":"default","site-sidebar-style":"default","ast-global-header-display":"","ast-banner-title-visibility":"","ast-main-header-display":"","ast-hfb-above-header-display":"","ast-hfb-below-header-display":"","ast-hfb-mobile-header-display":"","site-post-title":"disabled","ast-breadcrumbs-content":"","ast-featured-img":"disabled","footer-sml-layout":"","theme-transparent-header-meta":"default","adv-header-id-meta":"","stick-header-meta":"","header-above-stick-meta":"","header-main-stick-meta":"","header-below-stick-meta":"","astra-migrate-meta-layouts":"set","ast-page-background-enabled":"default","ast-page-background-meta":{"desktop":{"background-color":"var(--ast-global-color-4)","background-image":"","background-repeat":"repeat","background-position":"center center","background-size":"auto","background-attachment":"scroll","background-type":"","background-media":"","overlay-type":"","overlay-color":"","overlay-opacity":"","overlay-gradient":""},"tablet":{"background-color":"","background-image":"","background-repeat":"repeat","background-position":"center center","background-size":"auto","background-attachment":"scroll","background-type":"","background-media":"","overlay-type":"","overlay-color":"","overlay-opacity":"","overlay-gradient":""},"mobile":{"background-color":"","background-image":"","background-repeat":"repeat","background-position":"center center","background-size":"auto","background-attachment":"scroll","background-type":"","background-media":"","overlay-type":"","overlay-color":"","overlay-opacity":"","overlay-gradient":""}},"ast-content-background-meta":{"desktop":{"background-color":"var(--ast-global-color-5)","background-image":"","background-repeat":"repeat","background-position":"center center","background-size":"auto","background-attachment":"scroll","background-type":"","background-media":"","overlay-type":"","overlay-color":"","overlay-opacity":"","overlay-gradient":""},"tablet":{"background-color":"var(--ast-global-color-5)","background-image":"","background-repeat":"repeat","background-position":"center center","background-size":"auto","background-attachment":"scroll","background-type":"","background-media":"","overlay-type":"","overlay-color":"","overlay-opacity":"","overlay-gradient":""},"mobile":{"background-color":"var(--ast-global-color-5)","background-image":"","background-repeat":"repeat","background-position":"center center","background-size":"auto","background-attachment":"scroll","background-type":"","background-media":"","overlay-type":"","overlay-color":"","overlay-opacity":"","overlay-gradient":""}},"footnotes":""},"class_list":["post-29674","page","type-page","status-publish","hentry"],"acf":[],"aioseo_notices":[],"_links":{"self":[{"href":"https:\/\/span-arts-dev.co.uk\/cy\/wp-json\/wp\/v2\/pages\/29674"}],"collection":[{"href":"https:\/\/span-arts-dev.co.uk\/cy\/wp-json\/wp\/v2\/pages"}],"about":[{"href":"https:\/\/span-arts-dev.co.uk\/cy\/wp-json\/wp\/v2\/types\/page"}],"author":[{"embeddable":true,"href":"https:\/\/span-arts-dev.co.uk\/cy\/wp-json\/wp\/v2\/users\/38"}],"replies":[{"embeddable":true,"href":"https:\/\/span-arts-dev.co.uk\/cy\/wp-json\/wp\/v2\/comments?post=29674"}],"version-history":[{"count":15,"href":"https:\/\/span-arts-dev.co.uk\/cy\/wp-json\/wp\/v2\/pages\/29674\/revisions"}],"predecessor-version":[{"id":31071,"href":"https:\/\/span-arts-dev.co.uk\/cy\/wp-json\/wp\/v2\/pages\/29674\/revisions\/31071"}],"wp:attachment":[{"href":"https:\/\/span-arts-dev.co.uk\/cy\/wp-json\/wp\/v2\/media?parent=29674"}],"curies":[{"name":"wp","href":"https:\/\/api.w.org\/{rel}","templated":true}]}}